{"id":91,"date":"2021-08-07T15:49:38","date_gmt":"2021-08-07T15:49:38","guid":{"rendered":"https:\/\/paolaiannelli.it\/?page_id=91"},"modified":"2025-07-20T16:58:10","modified_gmt":"2025-07-20T16:58:10","slug":"libri","status":"publish","type":"page","link":"https:\/\/paolaiannelli.it\/index.php\/libri\/","title":{"rendered":"Libri"},"content":{"rendered":"\n<p>La morte di un ragazzino di tredici anni, apre lo scenario per una nuova indagine per la stazione dei Carabinieri di Largo Ferrandina a Chiaja. La brigadiera Titta Longano \u00e8 impegnata in una complessa indagine, un misterioso condominio \u00e8 al centro della vicenda narrata, nulla \u00e8 come appare.<\/p>\n\n\n\n<p>La figura di un boss tetraplegico: Il Corvo, detta legge, stringendo un patto di sangue con la giovane vittima.<\/p>\n\n\n\n<p>Ma chi \u00e8 il colpevole? <\/p>\n\n\n\n<p>Napoli assiste all&#8217;ennesimo dramma, funge cos\u00ec da palcoscenico dove una rappresentazione amara della vita, le pieghe del male formano dune immense.<\/p>\n\n\n\n<p>Il nuovo giallo targato Mursia Editore Milano &#8211; Collana Giungla Gialla.<\/p>\n\n\n\n<p>Vincitore Garfagna in Giallo 2024 sezione Giallo Classico e terzo classificato al premio Nabokov 2025.<\/p>\n\n\n\n<figure class=\"wp-block-gallery has-nested-images columns-default is-cropped wp-block-gallery-1 is-layout-flex wp-block-gallery-is-layout-flex\">\n<figure class=\"wp-block-image size-large\"><img loading=\"lazy\" decoding=\"async\" width=\"206\" height=\"206\" data-id=\"388\" src=\"https:\/\/paolaiannelli.it\/wp-content\/uploads\/2025\/07\/copertina-uno-sguardo-innocente.jpg\" alt=\"\" class=\"wp-image-388\" srcset=\"https:\/\/paolaiannelli.it\/wp-content\/uploads\/2025\/07\/copertina-uno-sguardo-innocente.jpg 206w, https:\/\/paolaiannelli.it\/wp-content\/uploads\/2025\/07\/copertina-uno-sguardo-innocente-150x150.jpg 150w, https:\/\/paolaiannelli.it\/wp-content\/uploads\/2025\/07\/copertina-uno-sguardo-innocente-60x60.jpg 60w\" sizes=\"auto, (max-width: 206px) 100vw, 206px\" \/><figcaption class=\"wp-element-caption\">Nasce la collaborazione con Mursia Editore<\/figcaption><\/figure>\n<\/figure>\n\n\n\n<p class=\"has-medium-font-size\"><strong>AMARGA<\/strong><\/p>\n\n\n\n<p><\/p>\n\n\n\n<figure class=\"wp-block-image size-large\"><img loading=\"lazy\" decoding=\"async\" width=\"1024\" height=\"577\" src=\"https:\/\/paolaiannelli.it\/wp-content\/uploads\/2024\/07\/Amarga-Cover.png-1024x577.jpeg\" alt=\"\" class=\"wp-image-355\" srcset=\"https:\/\/paolaiannelli.it\/wp-content\/uploads\/2024\/07\/Amarga-Cover.png-1024x577.jpeg 1024w, https:\/\/paolaiannelli.it\/wp-content\/uploads\/2024\/07\/Amarga-Cover.png-300x169.jpeg 300w, https:\/\/paolaiannelli.it\/wp-content\/uploads\/2024\/07\/Amarga-Cover.png-768x433.jpeg 768w, https:\/\/paolaiannelli.it\/wp-content\/uploads\/2024\/07\/Amarga-Cover.png-1536x865.jpeg 1536w, https:\/\/paolaiannelli.it\/wp-content\/uploads\/2024\/07\/Amarga-Cover.png-106x60.jpeg 106w, https:\/\/paolaiannelli.it\/wp-content\/uploads\/2024\/07\/Amarga-Cover.png-840x473.jpeg 840w, https:\/\/paolaiannelli.it\/wp-content\/uploads\/2024\/07\/Amarga-Cover.png.jpeg 1640w\" sizes=\"auto, (max-width: 1024px) 100vw, 1024px\" \/><\/figure>\n\n\n\n<p class=\"has-medium-font-size\">Secondo libro di Paola Iannelli con protagonista Titta Longano, edito da <strong>Homo Scrivens<\/strong>. Di seguito la trama:<\/p>\n\n\n\n<p class=\"has-medium-font-size\"><em>La morte, apparentemente accidentale, del giovane Mirko Rizzuti, appassionato di parkour, l\u2019arrampicata urbana, catapulta il maresciallo De Mattei e la brigadiera Longano in un dramma profondo, nero, impossibile.<br>Un\u2019indagine che si snoda fra due quartieri di Napoli, prossimi ma ambivalenti: i Quartieri Spagnoli e la collina di Posillipo, e un gruppo di giovani traceurs che inseguono un sogno dettato dalla libert\u00e0 e dalla fuga. Fughe, amori, intrighi sono gli ingredienti di questo noir partenopeo dai colori forti, simboli di una Napoli drammatica e malinconica, ma cos\u00ec bella da spezzare il fiato.<\/em><\/p>\n\n\n\n<p class=\"has-medium-font-size\">Acquista qui: <span style=\"text-decoration: underline;\"><a href=\"https:\/\/www.homoscrivens.it\/product-page\/amarga-una-nuova-indagine-per-titta-longano-paola-iannelli?fbclid=IwZXh0bgNhZW0CMTAAAR2OmMu5gmlkuZ-zhmIKaN_Cm-YqKZdpGM3Cxv8FHOgbud12yQN9YvbqHr0_aem_dDWYVT_Z5D2df6iDK0-ESA\">homoscrivens.it<\/a><\/span><br><br><strong>IL PARADISO NON HA UN ANGOLO RETTO<\/strong><\/p>\n\n\n\n<figure class=\"wp-block-image size-large\"><img loading=\"lazy\" decoding=\"async\" width=\"1024\" height=\"577\" src=\"https:\/\/paolaiannelli.it\/wp-content\/uploads\/2021\/02\/COVER-FACEBOOK-PAOLA-3-1024x577.png\" alt=\"\" class=\"wp-image-88\" srcset=\"https:\/\/paolaiannelli.it\/wp-content\/uploads\/2021\/02\/COVER-FACEBOOK-PAOLA-3-1024x577.png 1024w, https:\/\/paolaiannelli.it\/wp-content\/uploads\/2021\/02\/COVER-FACEBOOK-PAOLA-3-300x169.png 300w, https:\/\/paolaiannelli.it\/wp-content\/uploads\/2021\/02\/COVER-FACEBOOK-PAOLA-3-768x433.png 768w, https:\/\/paolaiannelli.it\/wp-content\/uploads\/2021\/02\/COVER-FACEBOOK-PAOLA-3-1536x865.png 1536w, https:\/\/paolaiannelli.it\/wp-content\/uploads\/2021\/02\/COVER-FACEBOOK-PAOLA-3-106x60.png 106w, https:\/\/paolaiannelli.it\/wp-content\/uploads\/2021\/02\/COVER-FACEBOOK-PAOLA-3-840x473.png 840w, https:\/\/paolaiannelli.it\/wp-content\/uploads\/2021\/02\/COVER-FACEBOOK-PAOLA-3.png 1640w\" sizes=\"auto, (max-width: 1024px) 100vw, 1024px\" \/><\/figure>\n\n\n\n<p>Il primo libro di Paola Iannelli \u00e8 disponibile nella tua libreria di fiducia e online, edito da <strong>Homo Scrivens<\/strong>. Un noir intenso ambientato nella Napoli bene, con protagonisti accattivanti e una vittima che \u00e8 anche un carnefice. Di seguito la trama:<br><br><em>La dipendenza da un uomo affascinante, una crisi d\u2019identit\u00e0, l\u2019apparenza. Il profilo di una<\/em> <em>giovane aristocratica napoletana, Maria Vittoria D\u2019Orta e il suo legame malato. Due carabinieri della stazione di Largo Ferrandina a Chiaja coinvolti in un\u2019indagine complessa. Pochi indizi, poche tracce. L\u2019intuito del vecchio cronista di nera che stravolge gli ordini.<br>Napoli \u00e8 palcoscenico ideale per questo noir dai contorni sfumati, con i suoi antichi cortili, gli archi e luoghi di immenso valore storico: qui le donne sono vittime e carnefici, in un intreccio di colpi di scena.<\/em><\/p>\n\n\n\n<p>Clicca qui per acquistare dal sito ufficiale di Homo Scrivens: <a href=\"https:\/\/www.homoscrivens.it\/product-page\/il-paradiso-non-ha-un-angolo-retto-paola-iannelli\" data-type=\"URL\" data-id=\"https:\/\/www.homoscrivens.it\/product-page\/il-paradiso-non-ha-un-angolo-retto-paola-iannelli\">homoscrivens.it<\/a><\/p>\n","protected":false},"excerpt":{"rendered":"<p>La morte di un ragazzino di tredici anni, apre lo scenario per una nuova indagine per la stazione dei Carabinieri di Largo Ferrandina a Chiaja. &hellip; <\/p>\n","protected":false},"author":1,"featured_media":0,"parent":0,"menu_order":0,"comment_status":"closed","ping_status":"closed","template":"","meta":{"footnotes":""},"class_list":["post-91","page","type-page","status-publish","hentry","latest_post"],"_links":{"self":[{"href":"https:\/\/paolaiannelli.it\/index.php\/wp-json\/wp\/v2\/pages\/91","targetHints":{"allow":["GET"]}}],"collection":[{"href":"https:\/\/paolaiannelli.it\/index.php\/wp-json\/wp\/v2\/pages"}],"about":[{"href":"https:\/\/paolaiannelli.it\/index.php\/wp-json\/wp\/v2\/types\/page"}],"author":[{"embeddable":true,"href":"https:\/\/paolaiannelli.it\/index.php\/wp-json\/wp\/v2\/users\/1"}],"replies":[{"embeddable":true,"href":"https:\/\/paolaiannelli.it\/index.php\/wp-json\/wp\/v2\/comments?post=91"}],"version-history":[{"count":5,"href":"https:\/\/paolaiannelli.it\/index.php\/wp-json\/wp\/v2\/pages\/91\/revisions"}],"predecessor-version":[{"id":414,"href":"https:\/\/paolaiannelli.it\/index.php\/wp-json\/wp\/v2\/pages\/91\/revisions\/414"}],"wp:attachment":[{"href":"https:\/\/paolaiannelli.it\/index.php\/wp-json\/wp\/v2\/media?parent=91"}],"curies":[{"name":"wp","href":"https:\/\/api.w.org\/{rel}","templated":true}]}}